{"id":3621,"date":"2021-02-17T15:54:31","date_gmt":"2021-02-17T20:54:31","guid":{"rendered":"https:\/\/serviteins.com\/?page_id=3621"},"modified":"2022-12-06T20:49:25","modified_gmt":"2022-12-07T01:49:25","slug":"suministros","status":"publish","type":"page","link":"https:\/\/serviteins.com\/index.php\/suministros\/","title":{"rendered":"Suministros"},"content":{"rendered":"<p>[vc_row full_width=&#8221;stretch_row&#8221; css=&#8221;.vc_custom_1529649200845{padding-top: 55px !important;padding-bottom: 96px !important;background-color: #f1f1f1 !important;}&#8221; el_id=&#8221;rs-about&#8221; el_class=&#8221;rs-about1&#8243;][vc_column][vc_row_inner][vc_column_inner]\r\n        <div class=\"rs-heading   center\">\r\n        \t<div class=\"title-inner\">\r\n\t            <span class=\"sub-text\">Personal | Equipos<\/span>\r\n\t            <h2>Trabajamos con lo mejor<\/h2>\r\n\t        <\/div><div class=\"description\"><p>Personal 100% capacitado y con ganas de trabajar. Apoyados por herramientas calificadas, para poder completar todos los desaf\u00edos, que el campo propone. Ll\u00e1manos ahora para recibir tu cotizaci\u00f3n.<\/p><\/div><\/div>[\/vc_column_inner][\/vc_row_inner][\/vc_column][\/vc_row][vc_row el_id=&#8221;services-design&#8221; css=&#8221;.vc_custom_1529656745648{padding-top: 100px !important;}&#8221;][vc_column width=&#8221;1\/2&#8243;][vc_row_inner content_placement=&#8221;middle&#8221;][vc_column_inner width=&#8221;1\/2&#8243; el_id=&#8221;one-servies-img&#8221;][vc_single_image image=&#8221;4096&#8243; img_size=&#8221;full&#8221;][\/vc_column_inner][vc_column_inner width=&#8221;1\/2&#8243;]<div class=\"rs-services\"><div class=\"service-inner services-style-4 left  \">\n\t\t<div class=\"services-wrap\"> \n         <div class=\"services-item\">\n            <div class=\"services-icon\">\n                <a href=\"https:\/\/serviteins.com\/index.php\/suministros\/suministro-herramienta-industriales\/\" title=\"\"><img decoding=\"async\" src=\"https:\/\/serviteins.com\/wp-content\/uploads\/2018\/06\/wrench.png\" alt=\"Herramientas y equipos\" \/><\/a>\n             <\/div>\n        \n\t\t<div class=\"services-desc\">\n\t\t\t<h3 class=\"services-title services-title2\"><a href=\"https:\/\/serviteins.com\/index.php\/suministros\/suministro-herramienta-industriales\/\" title=\"\">Herramientas y equipos<\/a><\/h3>\n\t\t\t<p>Equipos para instrumentaci\u00f3n, pruebas en campo y dem\u00e1s. \u00bfCon qu\u00e9 herramienta lo podemos apoyar en su proyecto?<\/p>\n\t\t\t\n\t\t<\/div>\t\t\n\t\t<\/div>\t\n\t<\/div>\n\t<\/div><\/div>[\/vc_column_inner][\/vc_row_inner][\/vc_column][vc_column width=&#8221;1\/2&#8243;][vc_row_inner content_placement=&#8221;middle&#8221;][vc_column_inner width=&#8221;1\/2&#8243;][vc_single_image image=&#8221;4095&#8243; img_size=&#8221;full&#8221;][\/vc_column_inner][vc_column_inner width=&#8221;1\/2&#8243; offset=&#8221;vc_hidden-xs&#8221;]<div class=\"rs-services\"><div class=\"service-inner services-style-4 left  \">\n\t\t<div class=\"services-wrap\"> \n         <div class=\"services-item\">\n            <div class=\"services-icon\">\n                <a href=\"https:\/\/serviteins.com\/index.php\/suministros\/suministro-personal-tecnico\/\" title=\"\"><img decoding=\"async\" src=\"https:\/\/serviteins.com\/wp-content\/uploads\/2018\/06\/002-labor-1.png\" alt=\"Personal Experto\" \/><\/a>\n             <\/div>\n        \n\t\t<div class=\"services-desc\">\n\t\t\t<h3 class=\"services-title services-title2\"><a href=\"https:\/\/serviteins.com\/index.php\/suministros\/suministro-personal-tecnico\/\" title=\"\">Personal Experto<\/a><\/h3>\n\t\t\t<p>Equipos para proyectos de gran envergadura y responsabilidad. Cuente con nosotros en el desarrollo de remodelaciones, mantenimientos o inicio de obras.<\/p>\n\t\t\t\n\t\t<\/div>\t\t\n\t\t<\/div>\t\n\t<\/div>\n\t<\/div><\/div>[\/vc_column_inner][\/vc_row_inner][\/vc_column][\/vc_row][vc_row full_width=&#8221;stretch_row&#8221; content_placement=&#8221;middle&#8221; el_id=&#8221;cta-sec&#8221; css=&#8221;.vc_custom_1616957898588{margin-top: 100px !important;padding-top: 35px !important;padding-bottom: 35px !important;background-color: #e88e2e !important;}&#8221;][vc_column width=&#8221;1\/6&#8243;][vc_single_image image=&#8221;3794&#8243; img_size=&#8221;full&#8221;][\/vc_column][vc_column width=&#8221;7\/12&#8243;][vc_column_text el_class=&#8221;callto-desc&#8221;]<\/p>\n<p class=\"call-subtitle\">Descargue nuestro Brochure.<\/p>\n<p class=\"call-title\">Serviteins J&amp;I SAS<\/p>\n<p>[\/vc_column_text][\/vc_column][vc_column width=&#8221;1\/4&#8243;][vc_column_text el_class=&#8221;text-right&#8221;]<a class=\"readon\" href=\"https:\/\/bit.ly\/3t9HVRG\">BROCHURE<\/a>[\/vc_column_text][\/vc_column][\/vc_row]<\/p>\n","protected":false},"excerpt":{"rendered":"<p>[vc_row full_width=&#8221;stretch_row&#8221; css=&#8221;.vc_custom_1529649200845{padding-top: 55px !important;padding-bottom: 96px !important;background-color: #f1f1f1 !important;}&#8221; el_id=&#8221;rs-about&#8221; el_class=&#8221;rs-about1&#8243;][vc_column][vc_row_inner][vc_column_inner][\/vc_column_inner][\/vc_row_inner][\/vc_column][\/vc_row][vc_row el_id=&#8221;services-design&#8221; css=&#8221;.vc_custom_1529656745648{padding-top: 100px !important;}&#8221;][vc_column width=&#8221;1\/2&#8243;][vc_row_inner content_placement=&#8221;middle&#8221;][vc_column_inner width=&#8221;1\/2&#8243; el_id=&#8221;one-servies-img&#8221;][vc_single_image image=&#8221;4096&#8243;&#8230;<\/p>\n","protected":false},"author":1,"featured_media":0,"parent":0,"menu_order":0,"comment_status":"closed","ping_status":"closed","template":"","meta":{"footnotes":""},"class_list":["post-3621","page","type-page","status-publish","hentry"],"_links":{"self":[{"href":"https:\/\/serviteins.com\/index.php\/wp-json\/wp\/v2\/pages\/3621","targetHints":{"allow":["GET"]}}],"collection":[{"href":"https:\/\/serviteins.com\/index.php\/wp-json\/wp\/v2\/pages"}],"about":[{"href":"https:\/\/serviteins.com\/index.php\/wp-json\/wp\/v2\/types\/page"}],"author":[{"embeddable":true,"href":"https:\/\/serviteins.com\/index.php\/wp-json\/wp\/v2\/users\/1"}],"replies":[{"embeddable":true,"href":"https:\/\/serviteins.com\/index.php\/wp-json\/wp\/v2\/comments?post=3621"}],"version-history":[{"count":1,"href":"https:\/\/serviteins.com\/index.php\/wp-json\/wp\/v2\/pages\/3621\/revisions"}],"predecessor-version":[{"id":4279,"href":"https:\/\/serviteins.com\/index.php\/wp-json\/wp\/v2\/pages\/3621\/revisions\/4279"}],"wp:attachment":[{"href":"https:\/\/serviteins.com\/index.php\/wp-json\/wp\/v2\/media?parent=3621"}],"curies":[{"name":"wp","href":"https:\/\/api.w.org\/{rel}","templated":true}]}}