{"id":3774,"date":"2021-03-28T13:46:00","date_gmt":"2021-03-28T18:46:00","guid":{"rendered":"https:\/\/serviteins.com\/?page_id=3774"},"modified":"2022-08-07T15:22:22","modified_gmt":"2022-08-07T20:22:22","slug":"mantenimiento-electrico","status":"publish","type":"page","link":"https:\/\/serviteins.com\/index.php\/servicios\/mantenimiento-electrico\/","title":{"rendered":"El\u00e9ctricos"},"content":{"rendered":"<p>[vc_row css=&#8221;.vc_custom_1529648610503{padding-top: 93px !important;padding-bottom: 20px !important;}&#8221;][vc_column]\r\n        <div class=\"rs-heading  border-style center\">\r\n        \t<div class=\"title-inner\">\r\n\t            \r\n\t            <h2>Servicios El\u00e9ctricos Industriales<\/h2>\r\n\t        <\/div><\/div>[vc_column_text el_class=&#8221;width80&#8243;]<\/p>\n<div class=\"wDYxhc\" data-md=\"61\">\n<div class=\"LGOjhe\" style=\"text-align: center;\" role=\"heading\" data-attrid=\"wa:\/description\" aria-level=\"3\" data-hveid=\"CBMQAA\">Prestamos servicio para las puesta en marcha y funcionamiento de <strong>sistemas en baja, media, alta tensi\u00f3n,<\/strong> as\u00ed como de todos los procedimientos de puesta a punto y reparaci\u00f3n.<\/div>\n<div style=\"text-align: center;\" role=\"heading\" data-attrid=\"wa:\/description\" aria-level=\"3\" data-hveid=\"CBMQAA\"><span class=\"ILfuVd NA6bn\"><span class=\"hgKElc\">Nos encargamos de la <b>parte el\u00e9ctrica inicial e industrial<\/b> de la construcci\u00f3n. Instalaci\u00f3n, puesta en marcha y funcionamiento de <strong>tableros<\/strong> <b>industrial<\/b>, as\u00ed como de todos los procedimientos de puesta a punto y reparaci\u00f3n.<\/span><\/span><\/div>\n<\/div>\n<p>[\/vc_column_text][\/vc_column][\/vc_row][vc_row css=&#8221;.vc_custom_1529646280659{margin-top: 0px !important;margin-bottom: 100px !important;padding-top: 50px !important;padding-right: 50px !important;padding-bottom: 50px !important;padding-left: 50px !important;background-color: #f7f7f7 !important;}&#8221; el_id=&#8221;rs-about&#8221; el_class=&#8221;rs-about1&#8243;][vc_column][vc_row_inner][vc_column_inner width=&#8221;5\/12&#8243;][vc_images_carousel images=&#8221;4036,4037,4038&#8243; img_size=&#8221;full&#8221; autoplay=&#8221;yes&#8221;][\/vc_column_inner][vc_column_inner width=&#8221;7\/12&#8243;][vc_column_text]<\/p>\n<div class=\"wDYxhc\" data-md=\"61\">\n<div class=\"LGOjhe\" role=\"heading\" data-attrid=\"wa:\/description\" aria-level=\"3\" data-hveid=\"CBIQAA\">\n<p>Dentro de las principales funciones est\u00e1n: Diagnosticar, reparar y ajustar distintos tipos de sistemas el\u00e9ctricos, elementos y<strong> protecciones.<\/strong> Montaje, instalaci\u00f3n, puesta en marcha y reparaci\u00f3n de equipos\u00a0<strong>industriales.<\/strong><\/p>\n<ul>\n<li>Montaje de equipos el\u00e9ctricos y transformadores.<\/li>\n<li>Construcci\u00f3n de banco de ductos.<\/li>\n<li>Montaje de fuentes reguladoras en tableros o gabinetes, cableado y conexionado.<\/li>\n<li>Construcci\u00f3n de l\u00edneas de trasmisi\u00f3n alta-media-baja tensi\u00f3n.<\/li>\n<li>Mantenimiento motores el\u00e9ctricos monof\u00e1sicos, trif\u00e1sicos.<\/li>\n<\/ul>\n<\/div>\n<\/div>\n<p>[\/vc_column_text][\/vc_column_inner][\/vc_row_inner][\/vc_column][\/vc_row][vc_row full_width=&#8221;stretch_row_content_no_spaces&#8221; content_placement=&#8221;middle&#8221; css=&#8221;.vc_custom_1619217210693{padding-top: 0px !important;padding-bottom: 0px !important;background-position: center !important;background-repeat: no-repeat !important;background-size: cover !important;}&#8221; el_id=&#8221;we-offer&#8221; el_class=&#8221;we-offer&#8221;][vc_column width=&#8221;1\/2&#8243; css=&#8221;.vc_custom_1614640241416{padding-top: 91px !important;padding-right: 80px !important;padding-bottom: 60px !important;padding-left: 120px !important;background-color: #f5f5f5 !important;}&#8221; el_id=&#8221;included-left&#8221;][vc_column_text]<\/p>\n<h2 class=\"upper border-style2\">\u00bfC\u00f3mo es el servicio?<\/h2>\n<p>Algunos de nuestros servicios, se basan en procesos de acuerdo al Sistema de Gesti\u00f3n. Suele ser algo as\u00ed:[\/vc_column_text]\n\t\t<div class=\"rs-services1 left\">\n\t\t<div class=\"services-wrap  \"> \n         <div class=\"services-item\">\n            <div class=\"services-icon\">\n                <i class=\"fas fa-smile\"><\/i>\n             <\/div>\n        \n\t\t\t<div class=\"services-desc\">\n\t\t\t\t<h3 class=\"services-title services-title2\"><a >Requisitos del cliente<\/a><\/h3>\n\t\t\t\t<p>Con la solicitud, se comienza la planificaci\u00f3n y el mejoramiento del requerimiento, como parte del proceso de alta calidad.<\/p>\n\t\t\t\t\n\t\t\t\t<\/div>\n\t\t\t<\/div>\t\n\t\t<\/div><\/div>\n\t\n\t\t<div class=\"rs-services1 left\">\n\t\t<div class=\"services-wrap  \"> \n         <div class=\"services-item\">\n            <div class=\"services-icon\">\n                <i class=\"fas fa-smile\"><\/i>\n             <\/div>\n        \n\t\t\t<div class=\"services-desc\">\n\t\t\t\t<h3 class=\"services-title services-title2\"><a >Gesti\u00f3n comercial + dise\u00f1o<\/a><\/h3>\n\t\t\t\t<p>De manera transversal, se ejecutan actividades para ir presentando un % de gesti\u00f3n o avance, para la utilidad y tiempos del cliente.<\/p>\n\t\t\t\t\n\t\t\t\t<\/div>\n\t\t\t<\/div>\t\n\t\t<\/div><\/div>\n\t\n\t\t<div class=\"rs-services1 left\">\n\t\t<div class=\"services-wrap  \"> \n         <div class=\"services-item\">\n            <div class=\"services-icon\">\n                <i class=\"fas fa-smile\"><\/i>\n             <\/div>\n        \n\t\t\t<div class=\"services-desc\">\n\t\t\t\t<h3 class=\"services-title services-title2\"><a >Proceso misional y apoyo<\/a><\/h3>\n\t\t\t\t<p>En esta parte del proceso, se trabaja en conjunto a gestiones de infraestructura, compra, talento humano, etc, para dar satisfacci\u00f3n y entrega oportuna al cliente.<\/p>\n\t\t\t\t\n\t\t\t\t<\/div>\n\t\t\t<\/div>\t\n\t\t<\/div><\/div>\n\t[\/vc_column][vc_column width=&#8221;1\/2&#8243; css=&#8221;.vc_custom_1619217283204{padding-top: 0px !important;padding-right: 0px !important;padding-bottom: 0px !important;padding-left: 0px !important;background-position: 0 0 !important;background-repeat: no-repeat !important;}&#8221;][vc_single_image image=&#8221;4032&#8243; img_size=&#8221;1000&#215;700&#8243; el_class=&#8221;we-offer&#8221;][\/vc_column][\/vc_row][vc_row gap=&#8221;15&#8243; css=&#8221;.vc_custom_1529657841007{margin-top: 100px !important;margin-bottom: 100px !important;padding-top: 50px !important;padding-right: 50px !important;padding-bottom: 50px !important;padding-left: 50px !important;background-color: #f7f7f7 !important;}&#8221; el_class=&#8221;service-brochure&#8221;][vc_column][vc_row_inner][vc_column_inner width=&#8221;5\/12&#8243;][vc_single_image image=&#8221;4087&#8243; img_size=&#8221;full&#8221; alignment=&#8221;center&#8221; onclick=&#8221;custom_link&#8221; img_link_target=&#8221;_blank&#8221; css=&#8221;.vc_custom_1619897912460{margin-bottom: 30px !important;}&#8221; link=&#8221;https:\/\/serviteins.com\/wp-content\/uploads\/2021\/05\/Folleto_Servicios_Electricos.pdf&#8221;][\/vc_column_inner][vc_column_inner width=&#8221;7\/12&#8243;][vc_column_text]<\/p>\n<h2 class=\"upper border-style2\">Descarga el Brochure<\/h2>\n<p>Para mayor usabilidad hemos generado el anterior contenido en un brochure que podr\u00e1 descargar en los posteriores enlaces:<\/p>\n<p><strong><span class=\"featured-download\">Gracias por visitarnos. Vuelva pronto.<\/span><\/strong><\/p>\n<div class=\"list-brochures\">\n<p><a href=\"https:\/\/serviteins.com\/wp-content\/uploads\/2021\/05\/Folleto_Servicios_Electricos.pdf\" target=\"_blank\" rel=\"noopener\"><i class=\"fa fa-file-pdf-o\"><\/i> Download Pdf<\/a><\/p>\n<p><a href=\"#\"><i class=\"fa fa-file-word-o\"><\/i> Download Doc<\/a><\/p>\n<p><a href=\"#\"><i class=\"fa fa-file-powerpoint-o\"><\/i> Download ppt<\/a><\/div>\n<p>[\/vc_column_text][\/vc_column_inner][\/vc_row_inner][\/vc_column][\/vc_row][vc_row full_width=&#8221;stretch_row&#8221; content_placement=&#8221;middle&#8221; el_id=&#8221;cta-sec&#8221; css=&#8221;.vc_custom_1525770342759{padding-top: 35px !important;padding-bottom: 35px !important;background-color: #fbc02d !important;}&#8221;][vc_column width=&#8221;1\/6&#8243;][vc_single_image image=&#8221;3794&#8243; img_size=&#8221;full&#8221;][\/vc_column][vc_column width=&#8221;7\/12&#8243;][vc_column_text el_class=&#8221;callto-desc&#8221;]<\/p>\n<p class=\"call-subtitle\">Descarga nuestro Brochure,<\/p>\n<p class=\"call-title\">Serviteins J&amp;I SAS<\/p>\n<p>[\/vc_column_text][\/vc_column][vc_column width=&#8221;1\/4&#8243;][vc_column_text el_class=&#8221;text-right&#8221;]<a class=\"readon\" href=\"http:\/\/Serviteins J&amp;I SAS\" target=\"_blank\" rel=\"noopener\">DESCARGAR BROCHURE<\/a>[\/vc_column_text][\/vc_column][\/vc_row]<\/p>\n","protected":false},"excerpt":{"rendered":"<p>[vc_row css=&#8221;.vc_custom_1529648610503{padding-top: 93px !important;padding-bottom: 20px !important;}&#8221;][vc_column][vc_column_text el_class=&#8221;width80&#8243;] Prestamos servicio para las puesta en marcha y funcionamiento de sistemas en baja,&#8230;<\/p>\n","protected":false},"author":1,"featured_media":0,"parent":450,"menu_order":0,"comment_status":"closed","ping_status":"closed","template":"","meta":{"footnotes":""},"class_list":["post-3774","page","type-page","status-publish","hentry"],"_links":{"self":[{"href":"https:\/\/serviteins.com\/index.php\/wp-json\/wp\/v2\/pages\/3774","targetHints":{"allow":["GET"]}}],"collection":[{"href":"https:\/\/serviteins.com\/index.php\/wp-json\/wp\/v2\/pages"}],"about":[{"href":"https:\/\/serviteins.com\/index.php\/wp-json\/wp\/v2\/types\/page"}],"author":[{"embeddable":true,"href":"https:\/\/serviteins.com\/index.php\/wp-json\/wp\/v2\/users\/1"}],"replies":[{"embeddable":true,"href":"https:\/\/serviteins.com\/index.php\/wp-json\/wp\/v2\/comments?post=3774"}],"version-history":[{"count":17,"href":"https:\/\/serviteins.com\/index.php\/wp-json\/wp\/v2\/pages\/3774\/revisions"}],"predecessor-version":[{"id":4352,"href":"https:\/\/serviteins.com\/index.php\/wp-json\/wp\/v2\/pages\/3774\/revisions\/4352"}],"up":[{"embeddable":true,"href":"https:\/\/serviteins.com\/index.php\/wp-json\/wp\/v2\/pages\/450"}],"wp:attachment":[{"href":"https:\/\/serviteins.com\/index.php\/wp-json\/wp\/v2\/media?parent=3774"}],"curies":[{"name":"wp","href":"https:\/\/api.w.org\/{rel}","templated":true}]}}