{"id":3924,"date":"2021-04-20T16:09:56","date_gmt":"2021-04-20T21:09:56","guid":{"rendered":"https:\/\/serviteins.com\/?page_id=3924"},"modified":"2021-05-01T14:38:10","modified_gmt":"2021-05-01T19:38:10","slug":"inspeccion_con_ndt_non-destructive_testing","status":"publish","type":"page","link":"https:\/\/serviteins.com\/index.php\/servicios\/inspeccion_con_ndt_non-destructive_testing\/","title":{"rendered":"NDT"},"content":{"rendered":"<p>[vc_row css=&#8221;.vc_custom_1529648610503{padding-top: 93px !important;padding-bottom: 20px !important;}&#8221;][vc_column]\r\n        <div class=\"rs-heading  border-style center\">\r\n        \t<div class=\"title-inner\">\r\n\t            \r\n\t            <h2>Inspecci\u00f3n con NDT (Non-Destructive Testing)<\/h2>\r\n\t        <\/div><\/div>[vc_column_text el_class=&#8221;width80&#8243;]<\/p>\n<div class=\"wDYxhc\" data-md=\"61\">\n<div class=\"LGOjhe\" style=\"text-align: center;\" role=\"heading\" data-attrid=\"wa:\/description\" aria-level=\"3\" data-hveid=\"CBMQAA\">\n<p>Prestamos los servicios de pruebas no destructivas (NDT) como mecanismo utilizado para detectar defectos en materiales y estructuras, ya sea durante la fabricaci\u00f3n o durante el servicio. Aplicando t\u00e9cnicas y procedimientos probados para toda la gama de estructuras de ingenier\u00eda.<\/p>\n<p>Part\u00edculas magn\u00e9ticas \u2022\u00a0Tintas penetrantes \u2022\u00a0Ultrasonido \u2022\u00a0 Inspecci\u00f3n visual \u2022\u00a0Calificaci\u00f3n de soldador<\/p>\n<\/div>\n<\/div>\n<p>[\/vc_column_text][\/vc_column][\/vc_row][vc_row css=&#8221;.vc_custom_1529646280659{margin-top: 0px !important;margin-bottom: 100px !important;padding-top: 50px !important;padding-right: 50px !important;padding-bottom: 50px !important;padding-left: 50px !important;background-color: #f7f7f7 !important;}&#8221; el_id=&#8221;rs-about&#8221; el_class=&#8221;rs-about1&#8243;][vc_column][vc_row_inner][vc_column_inner width=&#8221;5\/12&#8243;][vc_single_image image=&#8221;4084&#8243; img_size=&#8221;full&#8221; alignment=&#8221;center&#8221; css=&#8221;.vc_custom_1619469528305{margin-bottom: 30px !important;}&#8221;][vc_single_image image=&#8221;4083&#8243; img_size=&#8221;full&#8221; alignment=&#8221;center&#8221; css=&#8221;.vc_custom_1619469539382{margin-bottom: 30px !important;}&#8221;][\/vc_column_inner][vc_column_inner width=&#8221;7\/12&#8243;][vc_column_text]<\/p>\n<div class=\"wDYxhc\" data-md=\"61\">\n<div class=\"LGOjhe\" role=\"heading\" data-attrid=\"wa:\/description\" aria-level=\"3\" data-hveid=\"CBIQAA\">\n<p><strong>MT (PARTICULAS MAGNETICAS):<\/strong> Esta t\u00e9cnica de ensayo superficial se usa para la detecci\u00f3n de grietas\/fisuras y est\u00e1 basado en las propiedades magn\u00e9ticas que tiene la materia (materiales-ferromagn\u00e9ticos).<br \/>\nEste ensayo se aplica en las zonas previamente seleccionadas por el inspector durante la inspecci\u00f3n visual, o por indicaci\u00f3n del cliente, para establecer la presencia de discontinuidades en la capa sub-superficial, las cuales no son detectables con el ensayo de l\u00edquidos penetrantes.<\/p>\n<p><strong>PT (LIQUIDOS PENETRANTES):<\/strong> Se realiza este ensayo cuando las especificaciones t\u00e9cnicas o requerimientos del cliente as\u00ed lo contemplen. su aplicaci\u00f3n busca fundamentalmente detectar la presencia de discontinuidades abiertas a la superficie, las cuales se eval\u00faan frente a los criterios de aceptaci\u00f3n seg\u00fan las normas, c\u00f3digos y\/o especificaciones aplicables.<\/p>\n<p><strong>VT (INSPECCION VISUAL):<\/strong> Esta t\u00e9cnica de ensayo, aunque parezca simple constituye uno de los elementos b\u00e1sicos en la actividad de inspecci\u00f3n, pues de la idoneidad y seriedad con que \u00e9sta se realice, los resultados que se obtengan determinan la necesidad de efectuar o no algunos ensayos destructivos y no destructivos, dependiendo del alcance de la inspecci\u00f3n, por lo que el inspector tiene continua capacitaci\u00f3n, experiencia y aptitud certificada. La inspecci\u00f3n visual detallada de los elementos que componen un equipo \u00f3 l\u00ednea, identifica discontinuidades relevantes lo que implica realizar una evaluaci\u00f3n detallada para establecer criterios adicionales de inspecci\u00f3n.<\/p>\n<\/div>\n<\/div>\n<p>[\/vc_column_text][\/vc_column_inner][\/vc_row_inner][\/vc_column][\/vc_row][vc_row full_width=&#8221;stretch_row_content_no_spaces&#8221; content_placement=&#8221;middle&#8221; css=&#8221;.vc_custom_1529649203655{padding-top: 0px !important;padding-bottom: 0px !important;background-image: url(http:\/\/keenitsolutions.com\/products\/wordpress\/batiment\/wp-content\/uploads\/2018\/06\/sl5.jpg?id=2059) !important;background-position: center !important;background-repeat: no-repeat !important;background-size: cover !important;}&#8221; el_id=&#8221;we-offer&#8221; el_class=&#8221;we-offer&#8221;][vc_column width=&#8221;1\/2&#8243; css=&#8221;.vc_custom_1614640241416{padding-top: 91px !important;padding-right: 80px !important;padding-bottom: 60px !important;padding-left: 120px !important;background-color: #f5f5f5 !important;}&#8221; el_id=&#8221;included-left&#8221;][vc_column_text]<\/p>\n<h2 class=\"upper border-style2\">\u00bfC\u00f3mo es el servicio?<\/h2>\n<p>Se presta en las instalaciones del cliente o en las instalaciones de SERVITEINS ya que algunas inspecciones se deben hacer en el lugar donde se encuentren los elementos a inspeccionar.[\/vc_column_text]\n\t\t<div class=\"rs-services1 left\">\n\t\t<div class=\"services-wrap  \"> \n         <div class=\"services-item\">\n            <div class=\"services-icon\">\n                <i class=\"fas fa-smile\"><\/i>\n             <\/div>\n        \n\t\t\t<div class=\"services-desc\">\n\t\t\t\t<h3 class=\"services-title services-title2\"><a >Medici\u00f3n de Espesores con Ultrasonido:<\/a><\/h3>\n\t\t\t\t<p>En las inspecciones en f\u00e1brica, para corroborar espesores requeridos por planos contra los espesores utilizados o en operaci\u00f3n, para determinar espesores remanentes de pared y establecer ratas de corrosi\u00f3n, se realiza la medici\u00f3n de espesores con equipos digitales de \u00faltima tecnolog\u00eda para registro de datos, en las \u00e1reas donde se considere necesario por indicaci\u00f3n del cliente o donde la inspecci\u00f3n visual sugiera la aplicaci\u00f3n del ensayo por sospecha de criticidad en el espesor. esta informaci\u00f3n se procesa y eval\u00faa para emitir un concepto t\u00e9cnico acorde con las necesidades y prop\u00f3sito con el que se haya realizado el ensayo.<\/p>\n\t\t\t\t\n\t\t\t\t<\/div>\n\t\t\t<\/div>\t\n\t\t<\/div><\/div>\n\t\n\t\t<div class=\"rs-services1 left\">\n\t\t<div class=\"services-wrap  \"> \n         <div class=\"services-item\">\n            <div class=\"services-icon\">\n                <i class=\"fas fa-smile\"><\/i>\n             <\/div>\n        \n\t\t\t<div class=\"services-desc\">\n\t\t\t\t<h3 class=\"services-title services-title2\"><a >Ut-Paut (Ultrasonido Convencional- Phased Array):<\/a><\/h3>\n\t\t\t\t<p>Mediante esta t\u00e9cnica, se detectan y visualizan discontinuidades en soldaduras, fundiciones, materiales base de equipos y componentes en fabricaci\u00f3n en taller y de sistemas de tuber\u00edas; el m\u00e9todo consiste en dirigir sonido de alta frecuencia dentro del material para detectarlo cuando es reflejado por una discontinuidad o defecto. Este ensayo generalmente se utiliza en las fases de fabricaci\u00f3n para el control de calidad de la soldadura aplicada y su prop\u00f3sito es el de establecer la sanidad de la misma, evaluada frente a criterios de aceptaci\u00f3n fijados por los c\u00f3digos de fabricaci\u00f3n y las especificaciones t\u00e9cnicas aplicables.<\/p>\n\t\t\t\t\n\t\t\t\t<\/div>\n\t\t\t<\/div>\t\n\t\t<\/div><\/div>\n\t\n\t\t<div class=\"rs-services1 left\">\n\t\t<div class=\"services-wrap  \"> \n         <div class=\"services-item\">\n            <div class=\"services-icon\">\n                <i class=\"fas fa-smile\"><\/i>\n             <\/div>\n        \n\t\t\t<div class=\"services-desc\">\n\t\t\t\t<h3 class=\"services-title services-title2\"><a >Integridad Mec\u00e1nica:<\/a><\/h3>\n\t\t\t\t<p>Conjunto de programas propios de empresas u operadores, que requieren de equipos y personal calificado conforme a est\u00e1ndares internacionales para la ejecuci\u00f3n de inspecciones y monitoreos peri\u00f3dicos basado en el nivel de riesgo y requerimientos de servicios de equipos expuestos a presi\u00f3n hidr\u00e1ulica, vibraci\u00f3n, corrosi\u00f3n o erosi\u00f3n, en instalaciones industriales con el fin de prevenir incidentes y programar trabajos preventivos o de mantenimiento.<\/p>\n\t\t\t\t\n\t\t\t\t<\/div>\n\t\t\t<\/div>\t\n\t\t<\/div><\/div>\n\t[\/vc_column][vc_column width=&#8221;1\/2&#8243; css=&#8221;.vc_custom_1529647017658{padding-top: 0px !important;padding-right: 0px !important;padding-bottom: 0px !important;padding-left: 0px !important;}&#8221;][\/vc_column][\/vc_row][vc_row gap=&#8221;15&#8243; css=&#8221;.vc_custom_1529657841007{margin-top: 100px !important;margin-bottom: 100px !important;padding-top: 50px !important;padding-right: 50px !important;padding-bottom: 50px !important;padding-left: 50px !important;background-color: #f7f7f7 !important;}&#8221; el_class=&#8221;service-brochure&#8221;][vc_column][vc_row_inner][vc_column_inner width=&#8221;5\/12&#8243;][vc_single_image image=&#8221;4087&#8243; img_size=&#8221;full&#8221; alignment=&#8221;center&#8221; onclick=&#8221;custom_link&#8221; img_link_target=&#8221;_blank&#8221; css=&#8221;.vc_custom_1619897886448{margin-bottom: 30px !important;}&#8221; link=&#8221;https:\/\/serviteins.com\/wp-content\/uploads\/2021\/05\/Folleto_Servicios_Inspeccion_NDT.pdf&#8221;][\/vc_column_inner][vc_column_inner width=&#8221;7\/12&#8243;][vc_column_text]<\/p>\n<h2 class=\"upper border-style2\">Descarga el Brochure<\/h2>\n<p>Para mayor usabilidad hemos generado el anterior contenido en un brochure que podr\u00e1 descargar en los posteriores enlaces:<\/p>\n<p><strong><span class=\"featured-download\">Gracias por visitarnos. Vuelva pronto.<\/span><\/strong><\/p>\n<div class=\"list-brochures\">\n<p><a href=\"https:\/\/serviteins.com\/wp-content\/uploads\/2021\/05\/Folleto_Servicios_Inspeccion_NDT.pdf\" target=\"_blank\" rel=\"noopener\"><i class=\"fa fa-file-pdf-o\"><\/i> Download Pdf<\/a><\/p>\n<p><a href=\"#\"><i class=\"fa fa-file-word-o\"><\/i> Download Doc<\/a><\/p>\n<p><a href=\"#\"><i class=\"fa fa-file-powerpoint-o\"><\/i> Download ppt<\/a><\/p>\n<\/div>\n<p>[\/vc_column_text][\/vc_column_inner][\/vc_row_inner][\/vc_column][\/vc_row]<\/p>\n","protected":false},"excerpt":{"rendered":"<p>[vc_row css=&#8221;.vc_custom_1529648610503{padding-top: 93px !important;padding-bottom: 20px !important;}&#8221;][vc_column][vc_column_text el_class=&#8221;width80&#8243;] Prestamos los servicios de pruebas no destructivas (NDT) como mecanismo utilizado para detectar&#8230;<\/p>\n","protected":false},"author":1,"featured_media":0,"parent":450,"menu_order":0,"comment_status":"closed","ping_status":"closed","template":"","meta":{"footnotes":""},"class_list":["post-3924","page","type-page","status-publish","hentry"],"_links":{"self":[{"href":"https:\/\/serviteins.com\/index.php\/wp-json\/wp\/v2\/pages\/3924","targetHints":{"allow":["GET"]}}],"collection":[{"href":"https:\/\/serviteins.com\/index.php\/wp-json\/wp\/v2\/pages"}],"about":[{"href":"https:\/\/serviteins.com\/index.php\/wp-json\/wp\/v2\/types\/page"}],"author":[{"embeddable":true,"href":"https:\/\/serviteins.com\/index.php\/wp-json\/wp\/v2\/users\/1"}],"replies":[{"embeddable":true,"href":"https:\/\/serviteins.com\/index.php\/wp-json\/wp\/v2\/comments?post=3924"}],"version-history":[{"count":2,"href":"https:\/\/serviteins.com\/index.php\/wp-json\/wp\/v2\/pages\/3924\/revisions"}],"predecessor-version":[{"id":4195,"href":"https:\/\/serviteins.com\/index.php\/wp-json\/wp\/v2\/pages\/3924\/revisions\/4195"}],"up":[{"embeddable":true,"href":"https:\/\/serviteins.com\/index.php\/wp-json\/wp\/v2\/pages\/450"}],"wp:attachment":[{"href":"https:\/\/serviteins.com\/index.php\/wp-json\/wp\/v2\/media?parent=3924"}],"curies":[{"name":"wp","href":"https:\/\/api.w.org\/{rel}","templated":true}]}}