{"id":450,"date":"2018-05-07T12:41:50","date_gmt":"2018-05-07T17:41:50","guid":{"rendered":"http:\/\/keenitsolutions.com\/products\/wordpress\/rsconstruction\/?page_id=450"},"modified":"2022-08-07T14:29:20","modified_gmt":"2022-08-07T19:29:20","slug":"servicios","status":"publish","type":"page","link":"https:\/\/serviteins.com\/index.php\/servicios\/","title":{"rendered":"Servicios"},"content":{"rendered":"<p>[vc_row full_width=&#8221;stretch_row&#8221; css=&#8221;.vc_custom_1529649200845{padding-top: 55px !important;padding-bottom: 96px !important;background-color: #f1f1f1 !important;}&#8221; el_id=&#8221;rs-about&#8221; el_class=&#8221;rs-about1&#8243;][vc_column][vc_row_inner][vc_column_inner]\r\n        <div class=\"rs-heading   center\">\r\n        \t<div class=\"title-inner\">\r\n\t            <span class=\"sub-text\">Lo hacemos por ti<\/span>\r\n\t            <h2>Nuestros Servicios<\/h2>\r\n\t        <\/div><div class=\"description\"><p>Somos empresa colombiana especializada en prestar servicios y soluciones para el desarrollo de proyectos industriales. Contamos con personal experimentado en los sectores o\u00edl, gas y energ\u00eda.<br \/>\nServiteins realiza mantenimiento, suministro, calibraci\u00f3n de instrumentaci\u00f3n, suministro de personal de ingenier\u00eda y t\u00e9cnico para los sectores industriales, desarrollo de \u00e1reas mec\u00e1nicas, el\u00e9ctricas, instrumentaci\u00f3n, automatizaci\u00f3n y control de sistemas de control neum\u00e1ticos, electr\u00f3nicos e hidr\u00e1ulicos.<\/p>\n<p>Descarga PDF de todos los servicios.<\/p><\/div><\/div>[vc_btn title=&#8221;Descargar Zip&#8221; style=&#8221;flat&#8221; shape=&#8221;square&#8221; color=&#8221;primary&#8221; size=&#8221;lg&#8221; align=&#8221;center&#8221; i_icon_fontawesome=&#8221;far fa-file-archive&#8221; add_icon=&#8221;true&#8221; link=&#8221;url:https%3A%2F%2Fserviteins.com%2Fwp-content%2Fuploads%2F2021%2F05%2FFolleto_Servicios_Serviteins_SAS.zip||target:%20_blank|rel:nofollow&#8221;][\/vc_column_inner][\/vc_row_inner][\/vc_column][\/vc_row][vc_row el_id=&#8221;services-design&#8221; css=&#8221;.vc_custom_1529656745648{padding-top: 100px !important;}&#8221;][vc_column width=&#8221;1\/2&#8243;][vc_row_inner content_placement=&#8221;middle&#8221;][vc_column_inner width=&#8221;1\/2&#8243; el_id=&#8221;one-servies-img&#8221;][vc_single_image image=&#8221;3767&#8243; img_size=&#8221;full&#8221;][\/vc_column_inner][vc_column_inner width=&#8221;1\/2&#8243;]<div class=\"rs-services\"><div class=\"service-inner services-style-4 left  \">\n\t\t<div class=\"services-wrap\"> \n         <div class=\"services-item\">\n            <div class=\"services-icon\">\n                <a href=\"https:\/\/serviteins.com\/index.php\/servicios\/servicios-mecanicos-industriales\/\" title=\"\"><img decoding=\"async\" src=\"https:\/\/serviteins.com\/wp-content\/uploads\/2018\/06\/pipes.png\" alt=\"Mantenimiento mec\u00e1nico\" \/><\/a>\n             <\/div>\n        \n\t\t<div class=\"services-desc\">\n\t\t\t<h3 class=\"services-title services-title2\"><a href=\"https:\/\/serviteins.com\/index.php\/servicios\/servicios-mecanicos-industriales\/\" title=\"\">Mantenimiento mec\u00e1nico<\/a><\/h3>\n\t\t\t<p>Montaje de soporter\u00eda, ducter\u00eda en tuber\u00eda y\/o Bandeja de conductores. Mantenimiento de sistemas de bombeo.<\/p>\n\t\t\t\n\t\t<\/div>\t\t\n\t\t<\/div>\t\n\t<\/div>\n\t<\/div><\/div>[\/vc_column_inner][\/vc_row_inner][\/vc_column][vc_column width=&#8221;1\/2&#8243;][vc_row_inner content_placement=&#8221;middle&#8221;][vc_column_inner width=&#8221;1\/2&#8243;][vc_single_image image=&#8221;3769&#8243; img_size=&#8221;full&#8221;][\/vc_column_inner][vc_column_inner width=&#8221;1\/2&#8243; offset=&#8221;vc_hidden-xs&#8221;]<div class=\"rs-services\"><div class=\"service-inner services-style-4 left  \">\n\t\t<div class=\"services-wrap\"> \n         <div class=\"services-item\">\n            <div class=\"services-icon\">\n                <a href=\"https:\/\/serviteins.com\/index.php\/servicios\/mantenimiento-electrico\/\" title=\"\"><img decoding=\"async\" src=\"https:\/\/serviteins.com\/wp-content\/uploads\/2018\/06\/002-labor-1.png\" alt=\"Mantenimiento el\u00e9ctrico\" \/><\/a>\n             <\/div>\n        \n\t\t<div class=\"services-desc\">\n\t\t\t<h3 class=\"services-title services-title2\"><a href=\"https:\/\/serviteins.com\/index.php\/servicios\/mantenimiento-electrico\/\" title=\"\">Mantenimiento el\u00e9ctrico<\/a><\/h3>\n\t\t\t<p>Montaje e instalaci\u00f3n de tableros banco condensadores, centro de control de Motores, Tablero de distribuci\u00f3n principal, Tablero de distribuci\u00f3n de alumbrado, Tablero control en campo, Controladores de l\u00f3gica Programable.<\/p>\n\t\t\t\n\t\t<\/div>\t\t\n\t\t<\/div>\t\n\t<\/div>\n\t<\/div><\/div>[\/vc_column_inner][\/vc_row_inner][\/vc_column][\/vc_row][vc_row el_id=&#8221;services-design&#8221;][vc_column width=&#8221;1\/2&#8243;][vc_row_inner content_placement=&#8221;middle&#8221;][vc_column_inner width=&#8221;1\/2&#8243;]<div class=\"rs-services\"><div class=\"service-inner services-style-4 left  \">\n\t\t<div class=\"services-wrap\"> \n         <div class=\"services-item\">\n            <div class=\"services-icon\">\n                <a href=\"https:\/\/serviteins.com\/index.php\/servicios\/pruebas-hidrostaticas\/\" title=\"\"><img decoding=\"async\" src=\"https:\/\/serviteins.com\/wp-content\/uploads\/2018\/08\/icon5.png\" alt=\"Pruebas hidrost\u00e1ticas\" \/><\/a>\n             <\/div>\n        \n\t\t<div class=\"services-desc\">\n\t\t\t<h3 class=\"services-title services-title2\"><a href=\"https:\/\/serviteins.com\/index.php\/servicios\/pruebas-hidrostaticas\/\" title=\"\">Pruebas hidrost\u00e1ticas<\/a><\/h3>\n\t\t\t<p>Pruebas hidrost\u00e1ticas, en todo tipo de v\u00e1lvulas, optimizando la informaci\u00f3n en los reportes, asegurando la integridad y seguridad. LEAK TEST.<\/p>\n\t\t\t\n\t\t<\/div>\t\t\n\t\t<\/div>\t\n\t<\/div>\n\t<\/div><\/div>[\/vc_column_inner][vc_column_inner width=&#8221;1\/2&#8243;][vc_single_image image=&#8221;3771&#8243; img_size=&#8221;full&#8221;][\/vc_column_inner][\/vc_row_inner][\/vc_column][vc_column width=&#8221;1\/2&#8243;][vc_row_inner content_placement=&#8221;middle&#8221;][vc_column_inner width=&#8221;1\/2&#8243;]<div class=\"rs-services\"><div class=\"service-inner services-style-4 left  vc_custom_1616957700643 \">\n\t\t<div class=\"services-wrap\"> \n         <div class=\"services-item\">\n            <div class=\"services-icon\">\n                <a href=\"https:\/\/serviteins.com\/index.php\/servicios\/metalmecanica\/\" title=\"\"><img decoding=\"async\" src=\"https:\/\/serviteins.com\/wp-content\/uploads\/2018\/06\/tools.png\" alt=\"Metalmec\u00e1nica\" \/><\/a>\n             <\/div>\n        \n\t\t<div class=\"services-desc\">\n\t\t\t<h3 class=\"services-title services-title2\"><a href=\"https:\/\/serviteins.com\/index.php\/servicios\/metalmecanica\/\" title=\"\">Metalmec\u00e1nica<\/a><\/h3>\n\t\t\t<p>Dise\u00f1o y ejecuci\u00f3n de obras metalmec\u00e1nicas. Construcci\u00f3n de vasijas de baja y alta presi\u00f3n, de soportar\u00eda. Separadores trif\u00e1sicos, bif\u00e1sicos.<\/p>\n\t\t\t\n\t\t<\/div>\t\t\n\t\t<\/div>\t\n\t<\/div>\n\t<\/div><\/div>[\/vc_column_inner][vc_column_inner width=&#8221;1\/2&#8243; offset=&#8221;vc_hidden-xs&#8221;][vc_single_image image=&#8221;4047&#8243; img_size=&#8221;600&#215;800&#8243;][\/vc_column_inner][\/vc_row_inner][\/vc_column][\/vc_row][vc_row el_id=&#8221;services-design&#8221;][vc_column width=&#8221;1\/2&#8243;][vc_row_inner content_placement=&#8221;middle&#8221;][vc_column_inner width=&#8221;1\/2&#8243;][vc_single_image image=&#8221;4069&#8243; img_size=&#8221;full&#8221; alignment=&#8221;center&#8221;][\/vc_column_inner][vc_column_inner width=&#8221;1\/2&#8243;]<div class=\"rs-services\"><div class=\"service-inner services-style-4 left  \">\n\t\t<div class=\"services-wrap\"> \n         <div class=\"services-item\">\n            <div class=\"services-icon\">\n                <a href=\"\/inspeccion_con_ndt_non-destructive_testing\/\" title=\"\"><img decoding=\"async\" src=\"https:\/\/serviteins.com\/wp-content\/uploads\/2018\/08\/icon3.png\" alt=\"Inspecci\u00f3n con NDT\" \/><\/a>\n             <\/div>\n        \n\t\t<div class=\"services-desc\">\n\t\t\t<h3 class=\"services-title services-title2\"><a href=\"\/inspeccion_con_ndt_non-destructive_testing\/\" title=\"\">Inspecci\u00f3n con NDT<\/a><\/h3>\n\t\t\t<p>Esta t\u00e9cnica de ensayo superficial se usa para la detecci\u00f3n de grietas\/fisuras y est\u00e1 basado en las propiedades magn\u00e9ticas que tiene la materia (materiales-ferromagn\u00e9ticos).<\/p>\n\t\t\t\n\t\t<\/div>\t\t\n\t\t<\/div>\t\n\t<\/div>\n\t<\/div><\/div>[\/vc_column_inner][\/vc_row_inner][\/vc_column][vc_column width=&#8221;1\/2&#8243;][vc_row_inner content_placement=&#8221;middle&#8221;][vc_column_inner width=&#8221;1\/2&#8243;][vc_single_image image=&#8221;3772&#8243; img_size=&#8221;full&#8221; alignment=&#8221;center&#8221;][\/vc_column_inner][vc_column_inner width=&#8221;1\/2&#8243; offset=&#8221;vc_hidden-xs&#8221;]<div class=\"rs-services\"><div class=\"service-inner services-style-4 left  \">\n\t\t<div class=\"services-wrap\"> \n         <div class=\"services-item\">\n            <div class=\"services-icon\">\n                <a href=\"https:\/\/serviteins.com\/index.php\/servicios\/instrumentacion\/\" title=\"Instrumentaci\u00f3n\"><img decoding=\"async\" src=\"https:\/\/serviteins.com\/wp-content\/uploads\/2018\/06\/002-labor-1.png\" alt=\"Instrumentaci\u00f3n\" \/><\/a>\n             <\/div>\n        \n\t\t<div class=\"services-desc\">\n\t\t\t<h3 class=\"services-title services-title2\"><a href=\"https:\/\/serviteins.com\/index.php\/servicios\/instrumentacion\/\" title=\"Instrumentaci\u00f3n\">Instrumentaci\u00f3n<\/a><\/h3>\n\t\t\t<p>Prestamos los servicios de mantenimiento, verificaci\u00f3n, ajuste y suministro instrumentos de medici\u00f3n y control de acuerdo con procedimientos espec\u00edficos dise\u00f1ados por el fabricante.<\/p>\n\t\t\t\n\t\t<\/div>\t\t\n\t\t<\/div>\t\n\t<\/div>\n\t<\/div><\/div>[\/vc_column_inner][\/vc_row_inner][\/vc_column][\/vc_row][vc_row el_id=&#8221;services-design&#8221; css=&#8221;.vc_custom_1619906439199{padding-bottom: 100px !important;}&#8221;][vc_column width=&#8221;1\/2&#8243;][vc_row_inner content_placement=&#8221;middle&#8221;][vc_column_inner width=&#8221;1\/2&#8243;]<div class=\"rs-services\"><div class=\"service-inner services-style-4 left  \">\n\t\t<div class=\"services-wrap\"> \n         <div class=\"services-item\">\n            <div class=\"services-icon\">\n                <a href=\"https:\/\/serviteins.com\/index.php\/servicios\/laboratorio-de-medicion-presion-temperatura\/\" title=\"Laboratorio Medici\u00f3n\"><img decoding=\"async\" src=\"https:\/\/serviteins.com\/wp-content\/uploads\/2018\/06\/sketch.png\" alt=\"Laboratorio de Medici\u00f3n\" \/><\/a>\n             <\/div>\n        \n\t\t<div class=\"services-desc\">\n\t\t\t<h3 class=\"services-title services-title2\"><a href=\"https:\/\/serviteins.com\/index.php\/servicios\/laboratorio-de-medicion-presion-temperatura\/\" title=\"Laboratorio Medici\u00f3n\">Laboratorio de Medici\u00f3n<\/a><\/h3>\n\t\t\t<p>Contamos con personal id\u00f3neo, encargado de asegurar la toma de datos y resultados de la medici\u00f3n de sus equipos calibrados, y\/o verificados en magnitudes de presi\u00f3n y temperatura.<\/p>\n\t\t\t\n\t\t<\/div>\t\t\n\t\t<\/div>\t\n\t<\/div>\n\t<\/div><\/div>[\/vc_column_inner][vc_column_inner width=&#8221;1\/2&#8243;][vc_single_image image=&#8221;4331&#8243; img_size=&#8221;full&#8221;][\/vc_column_inner][\/vc_row_inner][\/vc_column][vc_column width=&#8221;1\/2&#8243;][\/vc_column][\/vc_row][vc_row full_width=&#8221;stretch_row&#8221; content_placement=&#8221;middle&#8221; el_id=&#8221;cta-sec&#8221; css=&#8221;.vc_custom_1529657413051{padding-top: 35px !important;padding-bottom: 35px !important;background-color: #e88e2e !important;}&#8221;][vc_column width=&#8221;1\/6&#8243;][vc_single_image image=&#8221;3794&#8243; img_size=&#8221;full&#8221;][\/vc_column][vc_column width=&#8221;7\/12&#8243;][vc_column_text el_class=&#8221;callto-desc&#8221;]<\/p>\n<p class=\"call-subtitle\">Descarga nuestro Brochure,<\/p>\n<p class=\"call-title\">Serviteins J&amp;I SAS<\/p>\n<p>[\/vc_column_text][\/vc_column][vc_column width=&#8221;1\/4&#8243;][vc_column_text el_class=&#8221;text-right&#8221;]<a class=\"readon\" href=\"https:\/\/bit.ly\/3t9HVRG\">DESCARGAR BROCHURE<\/a>[\/vc_column_text][\/vc_column][\/vc_row]<\/p>\n","protected":false},"excerpt":{"rendered":"<p>[vc_row full_width=&#8221;stretch_row&#8221; css=&#8221;.vc_custom_1529649200845{padding-top: 55px !important;padding-bottom: 96px !important;background-color: #f1f1f1 !important;}&#8221; el_id=&#8221;rs-about&#8221; el_class=&#8221;rs-about1&#8243;][vc_column][vc_row_inner][vc_column_inner][vc_btn title=&#8221;Descargar Zip&#8221; style=&#8221;flat&#8221; shape=&#8221;square&#8221; color=&#8221;primary&#8221; size=&#8221;lg&#8221; align=&#8221;center&#8221; i_icon_fontawesome=&#8221;far fa-file-archive&#8221;&#8230;<\/p>\n","protected":false},"author":1,"featured_media":0,"parent":0,"menu_order":0,"comment_status":"closed","ping_status":"closed","template":"","meta":{"footnotes":""},"class_list":["post-450","page","type-page","status-publish","hentry"],"_links":{"self":[{"href":"https:\/\/serviteins.com\/index.php\/wp-json\/wp\/v2\/pages\/450","targetHints":{"allow":["GET"]}}],"collection":[{"href":"https:\/\/serviteins.com\/index.php\/wp-json\/wp\/v2\/pages"}],"about":[{"href":"https:\/\/serviteins.com\/index.php\/wp-json\/wp\/v2\/types\/page"}],"author":[{"embeddable":true,"href":"https:\/\/serviteins.com\/index.php\/wp-json\/wp\/v2\/users\/1"}],"replies":[{"embeddable":true,"href":"https:\/\/serviteins.com\/index.php\/wp-json\/wp\/v2\/comments?post=450"}],"version-history":[{"count":10,"href":"https:\/\/serviteins.com\/index.php\/wp-json\/wp\/v2\/pages\/450\/revisions"}],"predecessor-version":[{"id":4332,"href":"https:\/\/serviteins.com\/index.php\/wp-json\/wp\/v2\/pages\/450\/revisions\/4332"}],"wp:attachment":[{"href":"https:\/\/serviteins.com\/index.php\/wp-json\/wp\/v2\/media?parent=450"}],"curies":[{"name":"wp","href":"https:\/\/api.w.org\/{rel}","templated":true}]}}