{"id":919,"date":"2018-05-14T12:51:40","date_gmt":"2018-05-14T17:51:40","guid":{"rendered":"http:\/\/keenitsolutions.com\/products\/wordpress\/rsconstruction\/?page_id=919"},"modified":"2025-06-04T12:24:47","modified_gmt":"2025-06-04T17:24:47","slug":"serviteins-neiva","status":"publish","type":"page","link":"https:\/\/serviteins.com\/index.php\/serviteins-neiva\/","title":{"rendered":"Serviteins"},"content":{"rendered":"<p>[vc_row full_width=&#8221;stretch_row&#8221; gap=&#8221;35&#8243; css=&#8221;.vc_custom_1529489363610{padding-top: 60px !important;padding-bottom: 60px !important;background-color: #ffffff !important;}&#8221;][vc_column width=&#8221;2\/3&#8243;]\r\n        <div class=\"rs-heading  border-style \">\r\n        \t<div class=\"title-inner\">\r\n\t            <span class=\"sub-text\">Serviteins S.A.S.<\/span>\r\n\t            <h2>+15 a\u00f1os de experiencia<\/h2>\r\n\t        <\/div><\/div>[vc_column_text]<\/p>\n<div class=\"wpb_text_column wpb_content_element \">\n<div class=\"wpb_wrapper\">\n<p>Somos una empresa colombiana especializada en prestar servicios y soluciones para el desarrollo de proyectos industriales; contamos con <em>personal + experiencia<\/em>\u00a0 para todo el desarrollo de labores en sectores como <strong>o\u00edl, gas o energ\u00eda.<\/strong> \u00a1Ll\u00e1manos ahora!<\/div>\n<\/div>\n<p>[\/vc_column_text][vc_column_text css=&#8221;.vc_custom_1674063486075{margin-top: 44px !important;}&#8221;]<img loading=\"lazy\" decoding=\"async\" class=\"alignnone size-full wp-image-2529\" src=\"https:\/\/serviteins.com\/wp-content\/uploads\/2018\/06\/signature.png\" alt=\"\" width=\"180\" height=\"40\" \/><br \/>\nCEO &amp; Founder[\/vc_column_text][\/vc_column][vc_column width=&#8221;1\/3&#8243;][vc_single_image image=&#8221;4414&#8243; img_size=&#8221;full&#8221;][\/vc_column][\/vc_row][vc_row full_width=&#8221;stretch_row_content_no_spaces&#8221; content_placement=&#8221;middle&#8221; css=&#8221;.vc_custom_1614635175992{padding-top: 0px !important;padding-bottom: 0px !important;background-image: url(https:\/\/serviteins.com\/wp-content\/uploads\/2021\/03\/IMG-20210201-WA0122-antique.jpg?id=3731) !important;}&#8221; el_id=&#8221;rs-about&#8221; el_class=&#8221;we-offer&#8221;][vc_column width=&#8221;1\/2&#8243; css=&#8221;.vc_custom_1528838300342{padding-top: 0px !important;padding-bottom: 0px !important;}&#8221;][\/vc_column][vc_column width=&#8221;1\/2&#8243; css=&#8221;.vc_custom_1529560530190{padding-top: 120px !important;padding-right: 80px !important;padding-bottom: 100px !important;padding-left: 80px !important;background-color: #f5f5f5 !important;}&#8221;]\r\n        <div class=\"rs-heading  vc_custom_1614635387190 border-style \">\r\n        \t<div class=\"title-inner\">\r\n\t            \r\n\t            <h2>Algunos Servicios<\/h2>\r\n\t        <\/div><div class=\"description\"><p><\/p>\n<p class=\"simple-translate-result\">Nuestro personal participa activamente en capacitaciones, como parte de nuestra \u00e9tica y programa de mejores pr\u00e1cticas. Cada uno recibe un conjunto de habilidades que les ayuda a tomar las mejores decisiones.<\/p>\n<p><\/p><\/div><\/div>[vc_row_inner][vc_column_inner width=&#8221;1\/2&#8243;]<div class=\"rs-services\"><div class=\"service-inner services-style-2 left  \">\n\t\t<div class=\"services-wrap\"> \n         <div class=\"services-item\">\n            <div class=\"services-icon\">\n                <a href=\"https:\/\/serviteins.com\/index.php\/servicios\/instrumentacion\/\" title=\"Instrumentaci\u00f3n\"><img decoding=\"async\" src=\"https:\/\/serviteins.com\/wp-content\/uploads\/2018\/06\/016-brush.png\" alt=\"Mantenimiento\" \/><\/a>\n             <\/div>\n        \n\t\t<div class=\"services-desc\">\n\t\t\t<h3 class=\"services-title services-title2\"><a href=\"https:\/\/serviteins.com\/index.php\/servicios\/instrumentacion\/\" title=\"Instrumentaci\u00f3n\">Mantenimiento<\/a><\/h3>\n\t\t\t<p><\/p>\n\t\t\t\n\t\t<\/div>\t\t\n\t\t<\/div>\t\n\t<\/div>\n\t<\/div><\/div><div class=\"rs-services\"><div class=\"service-inner services-style-2 left  \">\n\t\t<div class=\"services-wrap\"> \n         <div class=\"services-item\">\n            <div class=\"services-icon\">\n                <a href=\"https:\/\/serviteins.com\/index.php\/servicios\/instrumentacion\/\" title=\"Instrumentaci\u00f3n\"><img decoding=\"async\" src=\"https:\/\/serviteins.com\/wp-content\/uploads\/2018\/06\/012-labor.png\" alt=\"Reparaci\u00f3n\" \/><\/a>\n             <\/div>\n        \n\t\t<div class=\"services-desc\">\n\t\t\t<h3 class=\"services-title services-title2\"><a href=\"https:\/\/serviteins.com\/index.php\/servicios\/instrumentacion\/\" title=\"Instrumentaci\u00f3n\">Reparaci\u00f3n<\/a><\/h3>\n\t\t\t<p><\/p>\n\t\t\t\n\t\t<\/div>\t\t\n\t\t<\/div>\t\n\t<\/div>\n\t<\/div><\/div><div class=\"rs-services\"><div class=\"service-inner services-style-2 left  \">\n\t\t<div class=\"services-wrap\"> \n         <div class=\"services-item\">\n            <div class=\"services-icon\">\n                <a href=\"https:\/\/serviteins.com\/index.php\/servicios\/metalmecanica\/\" title=\"Metalmec\u00e1nica\"><img decoding=\"async\" src=\"https:\/\/serviteins.com\/wp-content\/uploads\/2018\/06\/006-skyscraper.png\" alt=\"Montajes\" \/><\/a>\n             <\/div>\n        \n\t\t<div class=\"services-desc\">\n\t\t\t<h3 class=\"services-title services-title2\"><a href=\"https:\/\/serviteins.com\/index.php\/servicios\/metalmecanica\/\" title=\"Metalmec\u00e1nica\">Montajes<\/a><\/h3>\n\t\t\t<p><\/p>\n\t\t\t\n\t\t<\/div>\t\t\n\t\t<\/div>\t\n\t<\/div>\n\t<\/div><\/div>[\/vc_column_inner][vc_column_inner width=&#8221;1\/2&#8243;]<div class=\"rs-services\"><div class=\"service-inner services-style-2 left  \">\n\t\t<div class=\"services-wrap\"> \n         <div class=\"services-item\">\n            <div class=\"services-icon\">\n                <a href=\"https:\/\/serviteins.com\/index.php\/servicios\/mantenimiento-electrico\/\" title=\"El\u00e9ctricos\"><img decoding=\"async\" src=\"https:\/\/serviteins.com\/wp-content\/uploads\/2018\/06\/003-builder.png\" alt=\"El\u00e9ctricos\" \/><\/a>\n             <\/div>\n        \n\t\t<div class=\"services-desc\">\n\t\t\t<h3 class=\"services-title services-title2\"><a href=\"https:\/\/serviteins.com\/index.php\/servicios\/mantenimiento-electrico\/\" title=\"El\u00e9ctricos\">El\u00e9ctricos<\/a><\/h3>\n\t\t\t<p><\/p>\n\t\t\t\n\t\t<\/div>\t\t\n\t\t<\/div>\t\n\t<\/div>\n\t<\/div><\/div><div class=\"rs-services\"><div class=\"service-inner services-style-2 left  \">\n\t\t<div class=\"services-wrap\"> \n         <div class=\"services-item\">\n            <div class=\"services-icon\">\n                <a href=\"https:\/\/serviteins.com\/index.php\/servicios\/servicios-mecanicos-industriales\/\" title=\"Mec\u00e1nicos\"><img decoding=\"async\" src=\"https:\/\/serviteins.com\/wp-content\/uploads\/2018\/06\/007-drill-1.png\" alt=\"Mec\u00e1nicos\" \/><\/a>\n             <\/div>\n        \n\t\t<div class=\"services-desc\">\n\t\t\t<h3 class=\"services-title services-title2\"><a href=\"https:\/\/serviteins.com\/index.php\/servicios\/servicios-mecanicos-industriales\/\" title=\"Mec\u00e1nicos\">Mec\u00e1nicos<\/a><\/h3>\n\t\t\t<p><\/p>\n\t\t\t\n\t\t<\/div>\t\t\n\t\t<\/div>\t\n\t<\/div>\n\t<\/div><\/div><div class=\"rs-services\"><div class=\"service-inner services-style-2 left  \">\n\t\t<div class=\"services-wrap\"> \n         <div class=\"services-item\">\n            <div class=\"services-icon\">\n                <a href=\"https:\/\/serviteins.com\/index.php\/servicios\/pruebas-hidrostaticas\/\" title=\"Hidrost\u00e1tica\"><img decoding=\"async\" src=\"https:\/\/serviteins.com\/wp-content\/uploads\/2018\/06\/015-cart.png\" alt=\"Hidrost\u00e1ticos\" \/><\/a>\n             <\/div>\n        \n\t\t<div class=\"services-desc\">\n\t\t\t<h3 class=\"services-title services-title2\"><a href=\"https:\/\/serviteins.com\/index.php\/servicios\/pruebas-hidrostaticas\/\" title=\"Hidrost\u00e1tica\">Hidrost\u00e1ticos<\/a><\/h3>\n\t\t\t<p><\/p>\n\t\t\t\n\t\t<\/div>\t\t\n\t\t<\/div>\t\n\t<\/div>\n\t<\/div><\/div>[\/vc_column_inner][\/vc_row_inner][\/vc_column][\/vc_row][vc_row full_width=&#8221;stretch_row&#8221; gap=&#8221;10&#8243; el_id=&#8221;rs-testimonial&#8221; css=&#8221;.vc_custom_1529561324472{padding-top: 91px !important;padding-bottom: 78px !important;}&#8221; el_class=&#8221;rs-testimonial-home&#8221;][vc_column width=&#8221;1\/2&#8243; css=&#8221;.vc_custom_1528709296379{padding-top: 0px !important;}&#8221;]\r\n        <div class=\"rs-heading  vc_custom_1614635559705 border-style \">\r\n        \t<div class=\"title-inner\">\r\n\t            \r\n\t            <h2>\u00bfQu\u00e9 dicen los clientes?<\/h2>\r\n\t        <\/div><\/div><div id=\"cl-testimonial\" class=\"cl-testimonial2  text-left\">\n\t\t\t   \t\t<div class=\"hide_arrow\">                \n\t\t\t\t\t\t<div class=\"cl-row\"><ul class=\"testimonial-slide3 slider3\"><li class=\"testimonial-item\">\n\n\t\t\t\t\t\t\t\t<div class=\"cl-author image-testimonial\">\n\t\t\t\t\t\t\t\t\t<div class=\"testimonial-content\" style=\"color:#505050; background:#091f92\"><img decoding=\"async\" src=\"https:\/\/serviteins.com\/wp-content\/uploads\/2021\/03\/conamet-1.jpg\" alt=\"Client Image\"><p><i class=\"\" style=\"color:#091f92\"><\/i> Conamet cuenta con un sistema de Gesti\u00f3n de calidad bajo la norma ISO\/IEC 17025:2017 que nos exige calificar a nuestros proveedores considerados cr\u00edticos en la operaci\u00f3n de la actividad. De acuerdo a lo anterior y conforme a la informaci\u00f3n enviada en el FG-09 Encuesta para la selecci\u00f3n y evaluaci\u00f3n de proveedores, reportan una calificaci\u00f3n de <strong>64 puntos <\/strong>(proveedores con Alta confiabilidad) <strong><a href=\"https:\/\/serviteins.com\/wp-content\/uploads\/2022\/11\/Evaluacion-proveedores-Conamet-05-10-2022.pdf\">Leer aqu\u00ed.<\/a><\/strong><\/p>\n\t\t\t\t\t\t\t\t\t\t\t\t\t\n\t\t\t\t\t\t\t\t\t<ul class=\"cl-author-info\">\n\t\t\t\t\t\t\t\t\t\t<li style=\"color:#303745\">Lucy Liliana C.<\/li>\n\t\t\t\t\t\t\t\t\t\t<li style=\"color:#505050\">Conamet - Director<\/li><li class=\"ratings\"><img decoding=\"async\" src=\"https:\/\/serviteins.com\/wp-content\/plugins\/cl_testimonial\/inc\/testimonial\/\/img\/4.5.png\" \/><\/li><\/ul>\n\t\t\t\t\t\t\t\t\t<\/div>\n\t\t\t\t\t\t\t\t<\/div>\n\t\t\t\t\t\t\t\t<style>\t\t\t\t\t\t\n\t\t\t\t\t\t\t\t\t#cl-testimonial ul.slick-dots li button{border:1px solid#091f92 !important;}\n\t\t\t\t\t\t\t\t\t#cl-testimonial button.slick-arrow{background:#091f92 !important;}\n\t\t\t\t\t\t\t\t\t#cl-testimonial .slick-active button{background:#091f92 !important;}\n\t\t\t\t\t\t\t\t<\/style>\t\t\t\t\n\t\t\t\t\t\t\t\t<\/li><li class=\"testimonial-item\">\n\n\t\t\t\t\t\t\t\t<div class=\"cl-author image-testimonial\">\n\t\t\t\t\t\t\t\t\t<div class=\"testimonial-content\" style=\"color:#505050; background:#091f92\"><img decoding=\"async\" src=\"https:\/\/serviteins.com\/wp-content\/uploads\/2018\/05\/miproveedorcom.jpg\" alt=\"Client Image\"><p><i class=\"\" style=\"color:#091f92\"><\/i> <strong>Miproveedor.com<\/strong> certifica que la compa\u00f1\u00eda SERVICIOS TECNICOS INDUSTRIALES DE INSTRUMENTACION JYI SAS, se encuentra vinculada al Registro de Informaci\u00f3n de Proveedores <em>Miproveedor <\/em>cumpliendo satisfactoriamente los criterios del sistema de homologaci\u00f3n de proveedores. Este certificado fue generado el 26\/02\/2021 12:20:39.<\/p>\n\t\t\t\t\t\t\t\t\t\t\t\t\t\n\t\t\t\t\t\t\t\t\t<ul class=\"cl-author-info\">\n\t\t\t\t\t\t\t\t\t\t<li style=\"color:#303745\">Miproveedor.com<\/li>\n\t\t\t\t\t\t\t\t\t\t<li style=\"color:#505050\">Benchmark Proveedores<\/li><li class=\"ratings\"><img decoding=\"async\" src=\"https:\/\/serviteins.com\/wp-content\/plugins\/cl_testimonial\/inc\/testimonial\/\/img\/4.png\" \/><\/li><\/ul>\n\t\t\t\t\t\t\t\t\t<\/div>\n\t\t\t\t\t\t\t\t<\/div>\n\t\t\t\t\t\t\t\t<style>\t\t\t\t\t\t\n\t\t\t\t\t\t\t\t\t#cl-testimonial ul.slick-dots li button{border:1px solid#091f92 !important;}\n\t\t\t\t\t\t\t\t\t#cl-testimonial button.slick-arrow{background:#091f92 !important;}\n\t\t\t\t\t\t\t\t\t#cl-testimonial .slick-active button{background:#091f92 !important;}\n\t\t\t\t\t\t\t\t<\/style>\t\t\t\t\n\t\t\t\t\t\t\t\t<\/li><li class=\"testimonial-item\">\n\n\t\t\t\t\t\t\t\t<div class=\"cl-author image-testimonial\">\n\t\t\t\t\t\t\t\t\t<div class=\"testimonial-content\" style=\"color:#505050; background:#091f92\"><img decoding=\"async\" src=\"https:\/\/serviteins.com\/wp-content\/uploads\/2018\/05\/confipetrol.jpg\" alt=\"Client Image\"><p><i class=\"\" style=\"color:#091f92\"><\/i> Cuenta con los Elementos de Protecci\u00f3n Personal y Seguridad Industrial apropiados para la actividad. Cuenta con procedimientos de atenci\u00f3n a emergencias y rutas de evacuaci\u00f3n demarcadas. Cumple con buenas pr\u00e1cticas y adecuados procesos de vinculaci\u00f3n laboral (Horarios, salarios, seguridad social, trabajo infantil) Cuenta con procedimientos de Gesti\u00f3n Ambiental y Manejo de Residuos. Present\u00f3 la documentaci\u00f3n requerida completa y a tiempo (incluyendo p\u00f3lizas).\u00a0 PROVEEDOR ACEPTADO SATISFACTORIO.<\/p>\n\t\t\t\t\t\t\t\t\t\t\t\t\t\n\t\t\t\t\t\t\t\t\t<ul class=\"cl-author-info\">\n\t\t\t\t\t\t\t\t\t\t<li style=\"color:#303745\">Confipetrol<\/li>\n\t\t\t\t\t\t\t\t\t\t<li style=\"color:#505050\"> Certificado Proveedores<\/li><li class=\"ratings\"><img decoding=\"async\" src=\"https:\/\/serviteins.com\/wp-content\/plugins\/cl_testimonial\/inc\/testimonial\/\/img\/4.5.png\" \/><\/li><\/ul>\n\t\t\t\t\t\t\t\t\t<\/div>\n\t\t\t\t\t\t\t\t<\/div>\n\t\t\t\t\t\t\t\t<style>\t\t\t\t\t\t\n\t\t\t\t\t\t\t\t\t#cl-testimonial ul.slick-dots li button{border:1px solid#091f92 !important;}\n\t\t\t\t\t\t\t\t\t#cl-testimonial button.slick-arrow{background:#091f92 !important;}\n\t\t\t\t\t\t\t\t\t#cl-testimonial .slick-active button{background:#091f92 !important;}\n\t\t\t\t\t\t\t\t<\/style>\t\t\t\t\n\t\t\t\t\t\t\t\t<\/li><li class=\"testimonial-item\">\n\n\t\t\t\t\t\t\t\t<div class=\"cl-author image-testimonial\">\n\t\t\t\t\t\t\t\t\t<div class=\"testimonial-content\" style=\"color:#505050; background:#091f92\"><img decoding=\"async\" src=\"https:\/\/serviteins.com\/wp-content\/uploads\/2021\/03\/metalpar-1.jpg\" alt=\"Client Image\"><p><i class=\"\" style=\"color:#091f92\"><\/i> <strong>RECONOCIMIENTO<\/strong>: A SERVITEINS J&amp;I S.A.S\r\nPOR SU FIRME COMPROMISO Y CONSTANTE APOYO DESTAC\u00c1NDOSE COMO UN PROVEEDOR ESTRAT\u00c9GICO PARA NUESTRA COMPA\u00d1\u00cdA.\r\nNeiva \u2013 Huila,\u00a0 26 de Julio de 2018.<\/p>\n\t\t\t\t\t\t\t\t\t\t\t\t\t\n\t\t\t\t\t\t\t\t\t<ul class=\"cl-author-info\">\n\t\t\t\t\t\t\t\t\t\t<li style=\"color:#303745\">Metalpar<\/li>\n\t\t\t\t\t\t\t\t\t\t<li style=\"color:#505050\">Reconocimiento<\/li><\/ul>\n\t\t\t\t\t\t\t\t\t<\/div>\n\t\t\t\t\t\t\t\t<\/div>\n\t\t\t\t\t\t\t\t<style>\t\t\t\t\t\t\n\t\t\t\t\t\t\t\t\t#cl-testimonial ul.slick-dots li button{border:1px solid#091f92 !important;}\n\t\t\t\t\t\t\t\t\t#cl-testimonial button.slick-arrow{background:#091f92 !important;}\n\t\t\t\t\t\t\t\t\t#cl-testimonial .slick-active button{background:#091f92 !important;}\n\t\t\t\t\t\t\t\t<\/style>\t\t\t\t\n\t\t\t\t\t\t\t\t<\/li><\/ul><\/div><\/div>\n\t\t\t<\/div>[\/vc_column][vc_column width=&#8221;1\/2&#8243; css=&#8221;.vc_custom_1528693771253{padding-top: 0px !important;}&#8221; el_id=&#8221;rs-accordion&#8221; el_class=&#8221;rs-accordion&#8221;]\r\n        <div class=\"rs-heading  vc_custom_1614635580621 border-style \">\r\n        \t<div class=\"title-inner\">\r\n\t            \r\n\t            <h2>Por qu\u00e9 elegirnos<\/h2>\r\n\t        <\/div><\/div>[vc_tta_accordion][vc_tta_section title=&#8221;Nuestras certificaciones&#8221; tab_id=&#8221;design&#8221;][vc_column_text]Nuestras certificaciones demuestran el compromiso con la excelencia y mejora continua, otorgando a nuestras partes interesadas la confianza de que estamos trabajando con est\u00e1ndares y procedimientos que garantizan un alto nivel de servicio.<\/p>\n<p><figure id=\"attachment_4442\" aria-describedby=\"caption-attachment-4442\" style=\"width: 128px\" class=\"wp-caption alignleft\"><a href=\"\/index.php\/2023\/02\/15\/certificacion-norsok_s-wa-0062020\/\" target=\"_blank\" rel=\"noopener\"><img loading=\"lazy\" decoding=\"async\" class=\"wp-image-4442 \" title=\" Nuestra nueva certificaci\u00f3n NORSOK S-WA-0062020 \" src=\"https:\/\/serviteins.com\/wp-content\/uploads\/2023\/02\/Sello-CERTIFIED-FB150x150.png\" alt=\"NORSOK S-WA-006:2020\" width=\"128\" height=\"123\" \/><\/a><figcaption id=\"caption-attachment-4442\" class=\"wp-caption-text\">NORSOK S-WA-006:2020<\/figcaption><\/figure><br \/>\n<figure id=\"attachment_4442\" aria-describedby=\"caption-attachment-4442\" style=\"width: 128px\" class=\"wp-caption alignleft\"><img loading=\"lazy\" decoding=\"async\" class=\"wp-image-4442 \" src=\"https:\/\/serviteins.com\/wp-content\/uploads\/2023\/02\/Sello-CERTIFIED-FB150x150.png\" alt=\"9001:2015\" width=\"128\" height=\"123\" \/><figcaption id=\"caption-attachment-4442\" class=\"wp-caption-text\">9001:2015<\/figcaption><\/figure><br \/>\n<figure id=\"attachment_4442\" aria-describedby=\"caption-attachment-4442\" style=\"width: 128px\" class=\"wp-caption alignleft\"><a href=\"\/index.php\/2023\/02\/15\/certificacion-norsok_s-wa-0062020\/\" target=\"_blank\" rel=\"noopener\"><img loading=\"lazy\" decoding=\"async\" class=\"wp-image-4442 \" title=\" Nuestra nueva certificaci\u00f3n NORSOK S-WA-0062020 \" src=\"https:\/\/serviteins.com\/wp-content\/uploads\/2023\/02\/Sello-CERTIFIED-FB150x150.png\" alt=\"NORSOK S-WA-006:2020\" width=\"128\" height=\"123\" \/><\/a><figcaption id=\"caption-attachment-4442\" class=\"wp-caption-text\">14001:2015<\/figcaption><\/figure><br \/>\n<figure id=\"attachment_4442\" aria-describedby=\"caption-attachment-4442\" style=\"width: 128px\" class=\"wp-caption alignleft\"><img loading=\"lazy\" decoding=\"async\" class=\"wp-image-4442 \" src=\"https:\/\/serviteins.com\/wp-content\/uploads\/2023\/02\/Sello-CERTIFIED-FB150x150.png\" alt=\"9001:2015\" width=\"128\" height=\"123\" \/><figcaption id=\"caption-attachment-4442\" class=\"wp-caption-text\">45001:2018<\/figcaption><\/figure><\/p>\n<p>&nbsp;<\/p>\n<p>&nbsp;[\/vc_column_text][\/vc_tta_section][vc_tta_section title=&#8221;Misi\u00f3n&#8221; tab_id=&#8221;1625245914277-a79b210b-49ef&#8221;][vc_column_text]SERVITEINS S.A.S., es una empresa creada y establecida para prestar servicios de Suministro, mantenimiento, reparaci\u00f3n, montaje, calibraci\u00f3n y operaci\u00f3n de equipos para well testing y facilidades de producci\u00f3n e instrumentaci\u00f3n industrial. Suministro de personal y Asistencia T\u00e9cnica para la ejecuci\u00f3n de proyectos de facilidades de producci\u00f3n e instrumentaci\u00f3n. Mantenimiento general, reparaciones y Pruebas Hidrost\u00e1ticas a tuber\u00edas y tanques; fabricaci\u00f3n al torno de sellos, repuestos y empaquetaduras a V\u00e1lvulas de seguridad, V\u00e1lvulas de Control, V\u00e1lvulas de L\u00ednea, V\u00e1lvulas Manuales, Roscadas y Flanchadas. Sandablasting y pintura. Soldadura ASME\/API para tuber\u00edas y tanques; soldaduras especiales en aluminio, arg\u00f3n, MIG, TIG. Suministro, montaje, conexionado y puesta en marcha de equipos el\u00e9ctricos de control e instrumentaci\u00f3n.<br \/>\nTodo lo anterior bajo est\u00e1ndares de calidad destinando para ello los recursos necesarios y garantizando la satisfacci\u00f3n de nuestros clientes.[\/vc_column_text][\/vc_tta_section][vc_tta_section title=&#8221;Visi\u00f3n&#8221; tab_id=&#8221;1625245991955-a7309c63-9a4e&#8221;][vc_column_text]SERVITEINS S.A.S., Se proyecta para el a\u00f1o 2023 como una organizaci\u00f3n l\u00edder en la prestaci\u00f3n de servicios de asistencia t\u00e9cnica, mantenimiento, reparaci\u00f3n y calibraci\u00f3n de equipos de facilidades de producci\u00f3n e instrumentaci\u00f3n industrial y mantenimiento general, reparaciones y Pruebas Hidrost\u00e1ticas a tuber\u00edas y tanques en el Departamento del Huila.<br \/>\nPara el cumplimiento de este prop\u00f3sito se promover\u00e1 el mejoramiento continuo de sus procesos y con ello lograr consolidarse en el mercado por su competitividad en la gesti\u00f3n de negocios, por la calidad y responsabilidad de sus servicios, logrando generar m\u00e1rgenes de rentabilidad que fortalezcan financieramente sus actividades.<br \/>\nNeiva, 1 de mayo de 2021[\/vc_column_text][\/vc_tta_section][vc_tta_section title=&#8221;Experiencia gar\u00e1ntizada&#8221; tab_id=&#8221;architect&#8221;][vc_column_text]Adem\u00e1s de prestar servicios en sitio, apuntamos a nuevas labores como la de certificadores y dem\u00e1s. Todo con el fin de fortalecer los servicios en nuestra regi\u00f3n y pa\u00eds.[\/vc_column_text][\/vc_tta_section][vc_tta_section title=&#8221;100% Clientes Satisfechos&#8221; tab_id=&#8221;satisfaction&#8221;][vc_column_text]Nuestra calidad y compromiso, nos permiten seguir adelante luego de 1 d\u00e9cada de labores continuas.\u00a0 Colaboramos con nuestros clientes desde el comienzo al d\u00eda de hoy, entregando lo mejor de lo mejor.[\/vc_column_text][\/vc_tta_section][\/vc_tta_accordion][\/vc_column][\/vc_row][vc_row full_width=&#8221;stretch_row&#8221; css=&#8221;.vc_custom_1529561387520{padding-top: 40px !important;padding-bottom: 70px !important;}&#8221;][vc_column]<div class=\"rs-partner  \">           \r\n\t\t\t\t\t<div class=\"partner-carousel owl-carousel\" data-carousel-options=\"{&quot;nav&quot;:true,&quot;navText&quot;:[&quot;&lt;i class=&#039;fa fa-angle-left&#039;&gt;&lt;\\\/i&gt;&quot;,&quot;&lt;i class=&#039;fa fa-angle-right&#039;&gt;&lt;\\\/i&gt;&quot;],&quot;dots&quot;:false,&quot;autoplay&quot;:true,&quot;autoplayTimeout&quot;:&quot;5000&quot;,&quot;autoplaySpeed&quot;:&quot;200&quot;,&quot;autoplayHoverPause&quot;:true,&quot;loop&quot;:true,&quot;margin&quot;:30,&quot;responsive&quot;:{&quot;0&quot;:{&quot;items&quot;:&quot;1&quot;},&quot;480&quot;:{&quot;items&quot;:&quot;2&quot;},&quot;768&quot;:{&quot;items&quot;:&quot;3&quot;},&quot;992&quot;:{&quot;items&quot;:&quot;4&quot;},&quot;1200&quot;:{&quot;items&quot;:&quot;5&quot;}}}\"><div class=\"partner-item\">\r\n\t\t\t\t<a href=\"https:\/\/www.enel.com.co\/es.html\" target=\"_blank\"><img decoding=\"async\" src=\"https:\/\/serviteins.com\/wp-content\/uploads\/2021\/03\/002-1.jpg\" alt=\"Codensa\"><\/a>\r\n\t\t\t\t<\/div><div class=\"partner-item\">\r\n\t\t\t\t<a href=\"https:\/\/www.aecc.com.co\/emeraldenergy\/\" target=\"_blank\"><img decoding=\"async\" src=\"https:\/\/serviteins.com\/wp-content\/uploads\/2021\/03\/002.jpg\" alt=\"Emeral\"><\/a>\r\n\t\t\t\t<\/div><div class=\"partner-item\">\r\n\t\t\t\t<a href=\"https:\/\/freezingenierias.com\/\" target=\"_blank\"><img decoding=\"async\" src=\"https:\/\/serviteins.com\/wp-content\/uploads\/2021\/03\/FREZZ.jpg\" alt=\"Six\"><\/a>\r\n\t\t\t\t<\/div><div class=\"partner-item\">\r\n\t\t\t\t<a href=\"https:\/\/metalpar.co\/\" target=\"_blank\"><img decoding=\"async\" src=\"https:\/\/serviteins.com\/wp-content\/uploads\/2021\/03\/metalpar-1.jpg\" alt=\"Client Five\"><\/a>\r\n\t\t\t\t<\/div><div class=\"partner-item\">\r\n\t\t\t\t<a href=\"https:\/\/www.ecopetrol.com.co\/wps\/portal\" target=\"_blank\"><img decoding=\"async\" src=\"https:\/\/serviteins.com\/wp-content\/uploads\/2021\/03\/brand.gif\" alt=\"Client Four\"><\/a>\r\n\t\t\t\t<\/div><div class=\"partner-item\">\r\n\t\t\t\t<a href=\"https:\/\/parexresources.com\/es\/\" target=\"_blank\"><img decoding=\"async\" src=\"https:\/\/serviteins.com\/wp-content\/uploads\/2021\/03\/parex.jpg\" alt=\"Client Three\"><\/a>\r\n\t\t\t\t<\/div><\/div>\r\n\t<\/div>[\/vc_column][\/vc_row][vc_row full_width=&#8221;stretch_row&#8221; content_placement=&#8221;middle&#8221; el_id=&#8221;cta-sec&#8221; css=&#8221;.vc_custom_1525770342759{padding-top: 35px !important;padding-bottom: 35px !important;background-color: #fbc02d !important;}&#8221;][vc_column width=&#8221;1\/6&#8243;][vc_single_image image=&#8221;2073&#8243; img_size=&#8221;full&#8221;][\/vc_column][vc_column width=&#8221;7\/12&#8243;][vc_column_text el_class=&#8221;callto-desc&#8221;]<\/p>\n<p class=\"call-subtitle\">Empresa Colombiana especializada<\/p>\n<p class=\"call-title\">\u00a1Personal con Experiencia!<\/p>\n<p>[\/vc_column_text][\/vc_column][vc_column width=&#8221;1\/4&#8243;][vc_column_text el_class=&#8221;text-right&#8221;]<a class=\"readon\" href=\"https:\/\/bit.ly\/3t9HVRG\" target=\"_blank\" rel=\"noopener\">DESCARGAR BROCHURE<\/a>[\/vc_column_text][\/vc_column][\/vc_row]<\/p>\n","protected":false},"excerpt":{"rendered":"<p>[vc_row full_width=&#8221;stretch_row&#8221; gap=&#8221;35&#8243; css=&#8221;.vc_custom_1529489363610{padding-top: 60px !important;padding-bottom: 60px !important;background-color: #ffffff !important;}&#8221;][vc_column width=&#8221;2\/3&#8243;][vc_column_text] Somos una empresa colombiana especializada en prestar servicios y&#8230;<\/p>\n","protected":false},"author":1,"featured_media":0,"parent":0,"menu_order":0,"comment_status":"closed","ping_status":"closed","template":"","meta":{"footnotes":""},"class_list":["post-919","page","type-page","status-publish","hentry"],"_links":{"self":[{"href":"https:\/\/serviteins.com\/index.php\/wp-json\/wp\/v2\/pages\/919","targetHints":{"allow":["GET"]}}],"collection":[{"href":"https:\/\/serviteins.com\/index.php\/wp-json\/wp\/v2\/pages"}],"about":[{"href":"https:\/\/serviteins.com\/index.php\/wp-json\/wp\/v2\/types\/page"}],"author":[{"embeddable":true,"href":"https:\/\/serviteins.com\/index.php\/wp-json\/wp\/v2\/users\/1"}],"replies":[{"embeddable":true,"href":"https:\/\/serviteins.com\/index.php\/wp-json\/wp\/v2\/comments?post=919"}],"version-history":[{"count":8,"href":"https:\/\/serviteins.com\/index.php\/wp-json\/wp\/v2\/pages\/919\/revisions"}],"predecessor-version":[{"id":4589,"href":"https:\/\/serviteins.com\/index.php\/wp-json\/wp\/v2\/pages\/919\/revisions\/4589"}],"wp:attachment":[{"href":"https:\/\/serviteins.com\/index.php\/wp-json\/wp\/v2\/media?parent=919"}],"curies":[{"name":"wp","href":"https:\/\/api.w.org\/{rel}","templated":true}]}}